{"id":1221,"date":"2021-05-05T08:56:18","date_gmt":"2021-05-05T08:56:18","guid":{"rendered":"https:\/\/teidecar.com\/politica-de-cookies\/"},"modified":"2021-05-05T08:56:18","modified_gmt":"2021-05-05T08:56:18","slug":"politica-de-cookies","status":"publish","type":"page","link":"https:\/\/teidecar.com\/en\/politica-de-cookies\/","title":{"rendered":"Pol\u00edtica de cookies"},"content":{"rendered":"<div class=\"wpb-content-wrapper\"><p>[vc_row row_type=&#8221;row&#8221; use_row_as_full_screen_section=&#8221;no&#8221; type=&#8221;full_width&#8221; text_align=&#8221;left&#8221; background_animation=&#8221;none&#8221; css_animation=&#8221;&#8221;][vc_column][vc_column_text]<strong>\u00bfQu\u00e9 son las cookies?<\/strong><\/p>\n<p>Una cookie es un fichero que se descarga en su ordenador al acceder a determinadas p\u00e1ginas web. Las cookies permiten a una p\u00e1gina web, entre otras cosas, almacenar y recuperar informaci\u00f3n sobre h\u00e1bitos de navegaci\u00f3n de un usuario o de su equipo y, dependiendo de la informaci\u00f3n que contengan y de la forma que utilice su equipo, pueden utilizarse para reconocer al usuario an\u00f3nimo.<\/p>\n<p>Las Cookies se asocian \u00fanicamente a un Usuario an\u00f3nimo y su ordenador y no proporcionan referencias que permitan deducir datos personales del Usuario.<\/p>\n<p>En el caso de Usuarios registrados que se registren o que hayan iniciado sesi\u00f3n, podr\u00e1n beneficiarse de unos servicios m\u00e1s personalizados y orientados a su perfil, gracias a la combinaci\u00f3n de los datos almacenados en las cookies con los datos personales utilizados en el momento de su registro. Dichos Usuarios autorizan expresamente el uso de esta informaci\u00f3n con la finalidad indicada, sin perjuicio de su derecho a rechazar o deshabilitar el uso de cookies.<\/p>\n<p>&nbsp;<\/p>\n<p><strong>Tipolog\u00eda, finalidad y funcionamiento de las Cookies en General.<\/strong><\/p>\n<p><strong>1. Tipos de cookies seg\u00fan el plazo de tiempo que permanecen activadas.<\/strong><\/p>\n<p>Seg\u00fan el plazo de tiempo que permanecen activadas en el equipo terminal podemos distinguir:<\/p>\n<ul>\n<li>Cookies de sesi\u00f3n: Son un tipo de cookies dise\u00f1adas para recabar y almacenar datos mientras el usuario accede a una p\u00e1gina web. Se suelen emplear para almacenar informaci\u00f3n que solo interesa conservar para la prestaci\u00f3n del servicio solicitado por el usuario en una sola ocasi\u00f3n (p.e. una lista de productos adquiridos).<\/li>\n<li>Cookies persistentes: Son un tipo de cookies en el que los datos siguen almacenados en el terminal y pueden ser accedidos y tratados durante un periodo definido por el responsable de la cookie, y que puede ir de unos minutos a varios a\u00f1os.<\/li>\n<\/ul>\n<p>&nbsp;<\/p>\n<p><strong>2. Tipos de cookies seg\u00fan la entidad que las gestione.<\/strong><\/p>\n<p>Seg\u00fan quien sea la entidad que gestione el equipo o dominio desde donde se env\u00edan las cookies y trate los datos que se obtengan, podemos distinguir:<\/p>\n<ul>\n<li>Cookies propias: Son aqu\u00e9llas que se env\u00edan al equipo terminal del usuario desde un equipo o dominio gestionado por el propio editor y desde el que se presta el servicio solicitado por el usuario.<\/li>\n<li>Cookies de tercero: Son aqu\u00e9llas que se env\u00edan al equipo terminal del usuario desde un<br \/>\nequipo o dominio que no es gestionado por el editor, sino por otra entidad que trata los datos obtenidos trav\u00e9s de las cookies.<\/li>\n<\/ul>\n<p>&nbsp;<\/p>\n<p><strong>3. Tipos de cookies seg\u00fan su finalidad.<\/strong><\/p>\n<p>Seg\u00fan la finalidad para la que se traten los datos obtenidos a trav\u00e9s de las cookies, podemos distinguir entre:<\/p>\n<ul>\n<li>Cookies t\u00e9cnicas: Son aqu\u00e9llas que permiten al usuario la navegaci\u00f3n a trav\u00e9s de una p\u00e1gina web, plataforma o aplicaci\u00f3n y la utilizaci\u00f3n de las diferentes opciones o servicios que en ella existan como, por ejemplo, controlar el tr\u00e1fico y la comunicaci\u00f3n de datos, identificar la sesi\u00f3n, acceder a partes de acceso restringido, recordar los elementos que integran un pedido, realizar el proceso de compra de un pedido, realizar la solicitud de inscripci\u00f3n o participaci\u00f3n en un evento, utilizar elementos de seguridad durante la navegaci\u00f3n, almacenar contenidos para la difusi\u00f3n de videos o sonido o compartir contenidos a trav\u00e9s de redes sociales.<\/li>\n<li>Cookies de personalizaci\u00f3n: Son aqu\u00e9llas que permiten al usuario acceder al servicio con algunas caracter\u00edsticas de car\u00e1cter general predefinidas en funci\u00f3n de una serie de criterios en el terminal del usuario como por ejemplo serian el idioma, el tipo de navegador a trav\u00e9s del cual accede al servicio, la configuraci\u00f3n regional desde donde accede al servicio, etc.<\/li>\n<li>Cookies de an\u00e1lisis: Son aqu\u00e9llas que permiten al responsable de las mismas, el seguimiento y an\u00e1lisis del comportamiento de los usuarios de los sitios web a los que est\u00e1n vinculadas. La informaci\u00f3n recogida mediante este tipo de cookies se utiliza en la medici\u00f3n de la actividad de los sitios web, aplicaci\u00f3n o plataforma y para la elaboraci\u00f3n de perfiles de navegaci\u00f3n de los usuarios de dichos sitios, aplicaciones y plataformas, con el fin de introducir mejoras en funci\u00f3n del an\u00e1lisis de los datos de uso que hacen los usuarios del servicio.<\/li>\n<li>Cookies publicitarias: Son aqu\u00e9llas que permiten la gesti\u00f3n, de la forma m\u00e1s eficaz posible, de los espacios publicitarios que, en su caso, el editor haya incluido en una p\u00e1gina web, aplicaci\u00f3n o plataforma desde la que presta el servicio solicitado en base a criterios como el contenido editado o la frecuencia en la que se muestran los anuncios.<\/li>\n<li>Cookies de publicidad comportamental: Son aqu\u00e9llas que permiten la gesti\u00f3n, de la forma m\u00e1s eficaz posible, de los espacios publicitarios que, en su caso, el editor haya incluido en una p\u00e1gina web, aplicaci\u00f3n o plataforma desde la que presta el servicio solicitado. Estas cookies almacenan informaci\u00f3n del comportamiento de los usuarios obtenida a trav\u00e9s de la observaci\u00f3n continuada de sus h\u00e1bitos de navegaci\u00f3n, lo que permite desarrollar un perfil espec\u00edfico para mostrar publicidad en funci\u00f3n del mismo.<\/li>\n<\/ul>\n<p>&nbsp;<\/p>\n<p><strong>Consentimiento y Autorizaci\u00f3n para el uso de cookies<\/strong><\/p>\n<p>Al acceder a este sitio web por primera vez, ver\u00e1 un espacio o banner donde se le informa de la utilizaci\u00f3n de las cookies y donde puede consultar esta pol\u00edtica de cookies mediante un link. Si usted consiente la utilizaci\u00f3n de cookies, contin\u00faa navegando haciendo uso de la barra de desplazamiento o scroll o hace clic en alg\u00fan link (aceptar) seg\u00fan proceda, se entender\u00e1 que usted ha consentido nuestra pol\u00edtica de cookies y, por tanto, la aceptaci\u00f3n para la instalaci\u00f3n de las mismas en su equipo o dispositivo, excepto en la medida que haya modificado la configuraci\u00f3n de su navegador para rechazar la utilizaci\u00f3n de las mismas.<\/p>\n<p>&nbsp;<\/p>\n<p><strong>\u00bfQu\u00e9 tipos de cookies utiliza esta p\u00e1gina web en particular?<\/strong><\/p>\n<p>Definici\u00f3n, Identificaci\u00f3n y finalidad de las cookies de esta Web no exceptuadas por la LSSI.<br \/>\nSer\u00edan:<\/p>\n<ul>\n<li>Cookies de an\u00e1lisis: Son aqu\u00e9llas que bien tratadas por nosotros o por terceros, nos permiten cuantificar el n\u00famero de usuarios y as\u00ed realizar la medici\u00f3n y an\u00e1lisis estad\u00edstico de la utilizaci\u00f3n que hacen los usuarios del servicio ofertado. Para ello se analiza su navegaci\u00f3n en nuestra p\u00e1gina web con el fin de mejorar la oferta de productos o servicios que le ofrecemos.<\/li>\n<li>Cookies publicitarias: Son aqu\u00e9llas que, bien tratadas por nosotros o por terceros, nos permiten gestionar de la forma m\u00e1s eficaz posible la oferta de los espacios publicitarios que hay en la p\u00e1gina web, adecuando el contenido del anuncio al contenido del servicio solicitado o al uso que realice de nuestra p\u00e1gina web. Para ello podemos analizar sus h\u00e1bitos de navegaci\u00f3n en Internet y podemos mostrarle publicidad relacionada con su perfil de navegaci\u00f3n.<\/li>\n<\/ul>\n<p>Cuadro de identificaci\u00f3n de las cookies y finalidad.<\/p>\n<p>Nota: Las cookies de tipo \u201cPropias\u201d son utilizadas s\u00f3lo por el propietario de esta web y las cookies \u201cDe terceros\u201d son utilizadas, tambi\u00e9n, por el prestador del servicio que est\u00e1 detallado en el cuadro anterior.<\/p>\n<p>Configuraci\u00f3n del navegador para la revocaci\u00f3n y retirada del consentimiento para el uso de las cookies.<br \/>\nRENT A CAR ICARO S.L. recuerda a sus usuarios de la web que el uso de cookies podr\u00e1 estar sujeto a su aceptaci\u00f3n durante la instalaci\u00f3n o actualizaci\u00f3n del navegador utilizado por \u00e9stos. Esta aceptaci\u00f3n podr\u00e1 ser revocada mediante las opciones de configuraci\u00f3n de contenidos y privacidad disponibles en el mismo. RENT A CAR ICARO S.L. recomienda a sus usuarios que consulten la ayuda de su navegador o acceda a las p\u00e1ginas web de ayuda de los principales navegadores:<\/p>\n<ul>\n<li>Firefox: https:\/\/support.mozilla.org\/es\/kb\/habilitar-y-deshabilitar-cookies-sitios-web-ra- trear-preferencias<\/li>\n<li>Chrome: https:\/\/support.google.com\/chrome\/answer\/95647?co=GENIE.Platform%3DDesktop&amp;hl=es -419<\/li>\n<li>Explorer: https:\/\/support.microsoft.com\/es-es\/help\/17442\/windows-internet-explorer-de- ete-manage-cookies<\/li>\n<li>Safari: https:\/\/support.apple.com\/es-es\/guide\/safari\/sfri11471\/mac<\/li>\n<li>Opera: https:\/\/help.opera.com\/en\/latest\/web-preferences\/<\/li>\n<li>Otros navegadores: consulte la documentaci\u00f3n del navegador que tenga instalado.<\/li>\n<\/ul>\n<p>Si el usuario deseara m\u00e1s informaci\u00f3n sobre c\u00f3mo revocar el consentimiento prestado o sobre el procedimiento para deshabilitar las cookies, as\u00ed como realizar alguna pregunta sobre la Pol\u00edtica de Cookies de la web, se puede poner en contacto con RENT A CAR ICARO S.L. a trav\u00e9s de la siguiente direcci\u00f3n BOOKING@TEIDECAR.COM indicando en el asunto \u201cPol\u00edtica de Cookies\u201d.<\/p>\n<p>&nbsp;<\/p>\n<p><strong>Cambios en la pol\u00edtica de Privacidad \/ Cookies.<\/strong><\/p>\n<p>La web puede modificar esta Pol\u00edtica de Cookies en funci\u00f3n de exigencias legislativas, reglamentarias, o con la finalidad de adaptar dicha pol\u00edtica a las instrucciones dictadas por la Agencia Espa\u00f1ola de Protecci\u00f3n de Datos, por ello se aconseja a los Usuarios que la visiten peri\u00f3dicamente.<\/p>\n<p>Cuando se produzcan cambios significativos en esta Pol\u00edtica de Cookies, se comunicar\u00e1n a los Usuarios mediante la web WWW.TEIDECAR.COM.<\/p>\n<p>&nbsp;<\/p>\n<table class=\"tftable\" style=\"text-align: left; height: 2948px;\" border=\"1\" width=\"804\">\n<tbody>\n<tr>\n<th>Cookie<\/th>\n<th>Tipo<\/th>\n<th>Nombre<\/th>\n<th>Prop\u00f3sito<\/th>\n<th>M\u00e1s informaci\u00f3n<\/th>\n<\/tr>\n<tr>\n<td>\n<div title=\"Page 3\">\n<div>\n<div>\n<p>_GA, _GAT, _GID<\/p>\n<\/div>\n<\/div>\n<\/div>\n<\/td>\n<td>\n<div title=\"Page 3\">\n<div>\n<div>\n<p>TERCEROS<\/p>\n<\/div>\n<\/div>\n<\/div>\n<\/td>\n<td>\n<div title=\"Page 3\">\n<div>\n<div>\n<p>GOOGLE<\/p>\n<\/div>\n<\/div>\n<\/div>\n<\/td>\n<td>\n<div title=\"Page 3\">\n<div>\n<div>\n<p>ALMACENAN UN IDENTIFICADOR DE CLIENTE U\u0301NICO Y SIRVE PARA EL CONTROL DE LAS VISITAS U\u0301NICAS, DATOS DE USUARIOS, CAMPAN\u0303AS&#8230;<\/p>\n<\/div>\n<\/div>\n<\/div>\n<\/td>\n<td>https:\/\/developers.google.com\/analytics\/devguides\/collection\/analyticsjs\/cookie-usage?hl=es-419<\/td>\n<\/tr>\n<tr>\n<td>\n<div title=\"Page 3\">\n<div>\n<div>\n<p>WP_WOOCOMMERCE_SESSION_65923A966B8E4F10F558B25CD4647E10<\/p>\n<\/div>\n<\/div>\n<\/div>\n<\/td>\n<td>\n<div title=\"Page 3\">\n<div>\n<div>\n<p>PROPIA<\/p>\n<\/div>\n<\/div>\n<\/div>\n<\/td>\n<td>\n<div title=\"Page 3\">\n<div>\n<div>\n<div title=\"Page 3\">\n<div>\n<div>\n<div title=\"Page 3\">\n<div>\n<div>\n<p>TEIDECAR.COM<\/p>\n<\/div>\n<\/div>\n<\/div>\n<\/div>\n<\/div>\n<\/div>\n<\/div>\n<\/div>\n<\/div>\n<\/td>\n<td>\n<div title=\"Page 3\">\n<div>\n<div>\n<p>ESTA COOKIE CONTIENE UN CO\u0301DIGO U\u0301NICO PARA CADA CLIENTE PARA QUE SEPA DO\u0301NDE ENCONTRAR LOS DATOS DE LA COMPRA DE LA BASE DE DATOS DE CADA CLIENTE.<\/p>\n<\/div>\n<\/div>\n<\/div>\n<\/td>\n<td><\/td>\n<\/tr>\n<tr>\n<td>\n<div title=\"Page 3\">\n<div>\n<div>\n<p>WP_WPML_CURRENT_LANGUAGE<\/p>\n<\/div>\n<\/div>\n<\/div>\n<\/td>\n<td>\n<div title=\"Page 3\">\n<div>\n<div>\n<p>PROPIA<\/p>\n<\/div>\n<\/div>\n<\/div>\n<\/td>\n<td>TEIDECAR.COM<\/td>\n<td>\n<div title=\"Page 3\">\n<div>\n<div>\n<p>GUARDAR CONFIGURACIO\u0301N DE LENGUAJE<\/p>\n<\/div>\n<\/div>\n<\/div>\n<\/td>\n<td><\/td>\n<\/tr>\n<tr>\n<td>\n<div title=\"Page 3\">\n<div>\n<div>\n<p>WP_WPML_CURRENT_ADMIN_LANGUAGE<br \/>\n_D41D8CD98F00B204E9800998ECF8427E<\/p>\n<\/div>\n<\/div>\n<\/div>\n<\/td>\n<td>\n<div title=\"Page 3\">\n<div>\n<div>\n<p>PROPIA<\/p>\n<\/div>\n<\/div>\n<\/div>\n<\/td>\n<td>TEIDECAR.COM<\/td>\n<td>\n<div title=\"Page 3\">\n<div>\n<div>\n<p>GUARDAR CONFIGURACIO\u0301N DE LENGUAJE<\/p>\n<\/div>\n<\/div>\n<\/div>\n<\/td>\n<td><\/td>\n<\/tr>\n<tr>\n<td>\n<div title=\"Page 3\">\n<div>\n<div>\n<p>WP_SETTINGS-TIME-1<\/p>\n<\/div>\n<\/div>\n<\/div>\n<\/td>\n<td>\n<div title=\"Page 3\">\n<div>\n<div>\n<p>PROPIA<\/p>\n<\/div>\n<\/div>\n<\/div>\n<\/td>\n<td>TEIDECAR.COM<\/td>\n<td>\n<div title=\"Page 3\">\n<div>\n<div>\n<p>ESTAS COOKIES SON UTILIZADAS POR WORDPRESS PARA PERSONALIZAR LA INTERFAZ DE USUARIO<\/p>\n<\/div>\n<\/div>\n<\/div>\n<\/td>\n<td><\/td>\n<\/tr>\n<tr>\n<td>\n<div title=\"Page 3\">\n<div>\n<div>\n<p>WP-SETTINGS-1<\/p>\n<\/div>\n<\/div>\n<\/div>\n<\/td>\n<td>\n<div title=\"Page 3\">\n<div>\n<div>\n<p>PROPIA<\/p>\n<\/div>\n<\/div>\n<\/div>\n<\/td>\n<td>TEIDECAR.COM<\/td>\n<td>\n<div title=\"Page 3\">\n<div>\n<div>\n<p>ESTAS COOKIES SON UTILIZADAS POR WORDPRESS PARA PERSONALIZAR LA INTERFAZ DE USUARIO<\/p>\n<\/div>\n<\/div>\n<\/div>\n<\/td>\n<td><\/td>\n<\/tr>\n<tr>\n<td>\n<div title=\"Page 3\">\n<div>\n<div>\n<p>WORDPRESS_TEST_COOKIE<\/p>\n<\/div>\n<\/div>\n<\/div>\n<\/td>\n<td>\n<div title=\"Page 3\">\n<div>\n<div>\n<p>PROPIA<\/p>\n<\/div>\n<\/div>\n<\/div>\n<\/td>\n<td>RENT A CAR ICARO S.L.<\/td>\n<td>\n<div title=\"Page 3\">\n<div>\n<div>\n<p>SE ACTIVA DURANTE EL LOGIN Y GUARDA LOS DETALLES DE AUTENTIFICACIO\u0301N.<\/p>\n<\/div>\n<\/div>\n<\/div>\n<\/td>\n<td>https:\/\/www.cookiebot.com\/es\/plugin-cookies-wordpress\/?gclid=EAIaIQobChMI3O297LG54wIVUPlRCh0orwgDEAAYASAAEgJVIvD_BwE<\/td>\n<\/tr>\n<tr>\n<td>\n<div title=\"Page 3\">\n<div>\n<div>\n<p>WORDPRESS_SEC_65923A966B8E4F10F558B25CD4647E10<\/p>\n<\/div>\n<\/div>\n<\/div>\n<\/td>\n<td>\n<div title=\"Page 3\">\n<div>\n<div>\n<p>PROPIA<\/p>\n<\/div>\n<\/div>\n<\/div>\n<\/td>\n<td>TEIDECAR.COM<\/td>\n<td>\n<div title=\"Page 3\">\n<div>\n<div>\n<p>ESTA COOKIES SE UTILIZA PARA QUE EL GESTOR DE CONTENIDOS WORDPRESS COMPRUEBE SI EL NAVEGADOR TIENE LAS COOKIES ACTIVADAS.<\/p>\n<\/div>\n<div>\n<p>Ma\u0301s informacio\u0301n<\/p>\n<\/div>\n<\/div>\n<\/div>\n<\/td>\n<td><\/td>\n<\/tr>\n<tr>\n<td>\n<div title=\"Page 4\">\n<div>\n<div>\n<p>WORDPRESS_LOGGED_IN_65923A966B8E4F10F558B25CD4647E10<\/p>\n<\/div>\n<\/div>\n<\/div>\n<\/td>\n<td>\n<div title=\"Page 3\">\n<div>\n<div>\n<p>PROPIA<\/p>\n<\/div>\n<\/div>\n<\/div>\n<\/td>\n<td>TEIDECAR.COM<\/td>\n<td>\n<div title=\"Page 4\">\n<div>\n<div>\n<div>\n<p>DESPUE\u0301S DEL LOGGIN, WORDPRESS ACTIVA LA COOKIE WORDPRESS_LOOED_IN_, CUYA FUNCIO\u0301N ES INDICAR CUANDO SE HA CONECTADO Y QUIE\u0301N ES, SIENDO UTILIZADO POR LA INTERFAZ DE WORDPRESS<\/p>\n<\/div>\n<\/div>\n<\/div>\n<\/div>\n<\/td>\n<td><\/td>\n<\/tr>\n<tr>\n<td>\n<div title=\"Page 4\">\n<div>\n<div>\n<p>COOKIE_NOTICE_ACCEPTED, VCHIDEACTIVATIONMSG, VCHIDEACTIVATIONMSG_VC11<\/p>\n<\/div>\n<\/div>\n<\/div>\n<\/td>\n<td>\n<div title=\"Page 4\">\n<div>\n<div>\n<p>COOKIE TE\u0301CNICA PROPIA. DURACIO\u0301N: DE SESIO\u0301N<\/p>\n<\/div>\n<\/div>\n<\/div>\n<\/td>\n<td>TEIDECAR.COM<\/td>\n<td>\n<div title=\"Page 4\">\n<div>\n<div>\n<p>PERMITE ENVIAR MENSAJES DESDE EL FORMULARIO DE CONTACTO<\/p>\n<\/div>\n<\/div>\n<\/div>\n<\/td>\n<td><\/td>\n<\/tr>\n<tr>\n<td>\n<div title=\"Page 4\">\n<div>\n<div>\n<p>ASP.NET_SESSIONID<\/p>\n<\/div>\n<\/div>\n<\/div>\n<\/td>\n<td>\n<div title=\"Page 4\">\n<div>\n<div>\n<p>PROPIA<\/p>\n<\/div>\n<\/div>\n<\/div>\n<\/td>\n<td>TEIDECAR.COM<\/td>\n<td>\n<div title=\"Page 4\">\n<div>\n<div>\n<div>\n<p>COOKIE QUE CONTIENE INFORMACIO\u0301N SOBRE EL CARRITO EN SU CONJUNTO Y AYUDA A SABER CUA\u0301NDO CAMBIAN LOS DATOS DEL CARRITO. NO ALMACENA NINGUNA INFORMACIO\u0301N PERSONAL.<\/p>\n<\/div>\n<\/div>\n<\/div>\n<\/div>\n<\/td>\n<td>https:\/\/wordpress.org\/support\/article\/cookies\/<\/td>\n<\/tr>\n<tr>\n<td>\n<div title=\"Page 4\">\n<div>\n<div>\n<p>__REQUESTVERIFICATIONTOKEN<\/p>\n<\/div>\n<\/div>\n<\/div>\n<\/td>\n<td>\n<div title=\"Page 4\">\n<div>\n<div>\n<p>PROPIA<\/p>\n<\/div>\n<\/div>\n<\/div>\n<\/td>\n<td>TEIDECAR.COM<\/td>\n<td><\/td>\n<td><\/td>\n<\/tr>\n<tr>\n<td>\n<div title=\"Page 4\">\n<div>\n<div>\n<p>TK_AI<\/p>\n<\/div>\n<\/div>\n<\/div>\n<\/td>\n<td>COOKIE ANAL\u00cdTICA PROPIA DURACI\u00d3N DE SESI\u00d3N<\/td>\n<td>PLUGIN WOOCOMERCE DE WORDPRESS<\/td>\n<td><\/td>\n<td>https:\/\/docs.woocommerce.com\/document\/woocommerce-cookies\/<\/td>\n<\/tr>\n<tr>\n<td>\n<div title=\"Page 4\">\n<div>\n<div>\n<p>_UTMZ<\/p>\n<\/div>\n<\/div>\n<\/div>\n<\/td>\n<td>\n<div title=\"Page 4\">\n<div>\n<div>\n<p>TERCEROS<\/p>\n<\/div>\n<\/div>\n<\/div>\n<\/td>\n<td>GOOGLE ANALYTICS<\/td>\n<td>\n<div title=\"Page 4\">\n<div>\n<div>\n<p>ALMACENA UNA IDENTIFICACIO\u0301N ANO\u0301NIMA GENERADA ALEATORIAMENTE, PARA REALIZAR UN SEGUIMIENTO DE LA NAVEGACIO\u0301N DEL USUARIO.<\/p>\n<\/div>\n<\/div>\n<\/div>\n<\/td>\n<td>\n<div title=\"Page 4\">\n<div>\n<div>\n<p>www.developers.google.com\/analytics<\/p>\n<\/div>\n<\/div>\n<\/div>\n<\/td>\n<\/tr>\n<tr>\n<td>\n<div title=\"Page 4\">\n<div>\n<div>\n<p>_UTMC<\/p>\n<\/div>\n<\/div>\n<\/div>\n<\/td>\n<td>\n<div title=\"Page 4\">\n<div>\n<div>\n<p>TERCEROS<\/p>\n<\/div>\n<\/div>\n<\/div>\n<\/td>\n<td>\n<div title=\"Page 4\">\n<div>\n<div>\n<p>GOOGLE ANALYTICS<\/p>\n<\/div>\n<\/div>\n<\/div>\n<\/td>\n<td>\n<div title=\"Page 4\">\n<div>\n<div>\n<p>ALMACENA LA FUENTE DE TRA\u0301FICO O LA CAMPAN\u0303A Y EXPLICA CO\u0301MO HA LLEGADO EL USUARIO AL SITIO WEB<\/p>\n<\/div>\n<\/div>\n<\/div>\n<\/td>\n<td>\n<div title=\"Page 4\">\n<div>\n<div>\n<p>www.developers.google.com\/analytics<\/p>\n<\/div>\n<\/div>\n<\/div>\n<\/td>\n<\/tr>\n<tr>\n<td>\n<div title=\"Page 4\">\n<div>\n<div>\n<p>_UTMB<\/p>\n<\/div>\n<\/div>\n<\/div>\n<\/td>\n<td>\n<div title=\"Page 4\">\n<div>\n<div>\n<p>TERCEROS<\/p>\n<\/div>\n<\/div>\n<\/div>\n<\/td>\n<td>\n<div title=\"Page 4\">\n<div>\n<div>\n<p>GOOGLE ANALYTICS<\/p>\n<\/div>\n<\/div>\n<\/div>\n<\/td>\n<td>\n<div title=\"Page 4\">\n<div>\n<div>\n<div title=\"Page 4\">\n<div>\n<div>\n<p>DETERMINAR NUEVAS SESIONES O VISITAS<\/p>\n<\/div>\n<\/div>\n<\/div>\n<\/div>\n<\/div>\n<\/div>\n<\/td>\n<td>\n<div title=\"Page 4\">\n<div>\n<div>\n<p>www.developers.google.com\/analytics<\/p>\n<\/div>\n<\/div>\n<\/div>\n<\/td>\n<\/tr>\n<tr>\n<td>\n<div title=\"Page 4\">\n<div>\n<div>\n<p>_UTMA<\/p>\n<\/div>\n<\/div>\n<\/div>\n<\/td>\n<td>\n<div title=\"Page 4\">\n<div>\n<div>\n<p>TERCEROS<\/p>\n<\/div>\n<\/div>\n<\/div>\n<\/td>\n<td>\n<div title=\"Page 4\">\n<div>\n<div>\n<p>GOOGLE ANALYTICS<\/p>\n<\/div>\n<\/div>\n<\/div>\n<\/td>\n<td>\n<div title=\"Page 4\">\n<div>\n<div>\n<p>ESTE NU\u0301MERO GENERADO AL AZAR SE UTILIZA PARA DETERMINAR VISITANTES U\u0301NICOS A NUESTRO SITIO<\/p>\n<\/div>\n<\/div>\n<\/div>\n<\/td>\n<td>\n<div title=\"Page 4\">\n<div>\n<div>\n<p>www.developers.google.com\/analytics<\/p>\n<\/div>\n<\/div>\n<\/div>\n<\/td>\n<\/tr>\n<tr>\n<td>\n<div title=\"Page 4\">\n<div>\n<div>\n<p>_CFDUID<\/p>\n<\/div>\n<\/div>\n<\/div>\n<\/td>\n<td>\n<div title=\"Page 4\">\n<div>\n<div>\n<p>TERCEROS<\/p>\n<\/div>\n<\/div>\n<\/div>\n<\/td>\n<td>DE TERCEROS<\/td>\n<td>\n<div title=\"Page 4\">\n<div>\n<div>\n<p>IDENTIFICAR USUARIOS CON IP COMPARTIDA<\/p>\n<\/div>\n<\/div>\n<\/div>\n<\/td>\n<td>\n<div title=\"Page 4\">\n<div>\n<div>\n<p>www.cloudflare.com<\/p>\n<\/div>\n<\/div>\n<\/div>\n<\/td>\n<\/tr>\n<\/tbody>\n<\/table>\n<p>[\/vc_column_text][\/vc_column][\/vc_row]<\/p>\n<\/div>","protected":false},"excerpt":{"rendered":"<p>[vc_row row_type=&#8221;row&#8221; use_row_as_full_screen_section=&#8221;no&#8221; type=&#8221;full_width&#8221; text_align=&#8221;left&#8221; background_animation=&#8221;none&#8221; css_animation=&#8221;&#8221;][vc_column][vc_column_text]\u00bfQu\u00e9 son las cookies? Una cookie es un fichero que se descarga en su ordenador al acceder a determinadas p\u00e1ginas web. Las cookies permiten a una p\u00e1gina web, entre otras cosas, almacenar y recuperar informaci\u00f3n sobre h\u00e1bitos de navegaci\u00f3n&#8230;<\/p>\n","protected":false},"author":1,"featured_media":0,"parent":0,"menu_order":0,"comment_status":"closed","ping_status":"closed","template":"","meta":{"footnotes":""},"class_list":["post-1221","page","type-page","status-publish","hentry"],"yoast_head":"<!-- This site is optimized with the Yoast SEO plugin v27.3 - https:\/\/yoast.com\/product\/yoast-seo-wordpress\/ -->\n<title>Pol\u00edtica de cookies - Teidecar<\/title>\n<meta name=\"robots\" content=\"index, follow, max-snippet:-1, max-image-preview:large, max-video-preview:-1\" \/>\n<link rel=\"canonical\" href=\"https:\/\/teidecar.com\/en\/politica-de-cookies\/\" \/>\n<meta property=\"og:locale\" content=\"en_US\" \/>\n<meta property=\"og:type\" content=\"article\" \/>\n<meta property=\"og:title\" content=\"Pol\u00edtica de cookies - Teidecar\" \/>\n<meta property=\"og:description\" content=\"[vc_row row_type=&#8221;row&#8221; use_row_as_full_screen_section=&#8221;no&#8221; type=&#8221;full_width&#8221; text_align=&#8221;left&#8221; background_animation=&#8221;none&#8221; css_animation=&#8221;&#8221;][vc_column][vc_column_text]\u00bfQu\u00e9 son las cookies? Una cookie es un fichero que se descarga en su ordenador al acceder a determinadas p\u00e1ginas web. Las cookies permiten a una p\u00e1gina web, entre otras cosas, almacenar y recuperar informaci\u00f3n sobre h\u00e1bitos de navegaci\u00f3n...\" \/>\n<meta property=\"og:url\" content=\"https:\/\/teidecar.com\/en\/politica-de-cookies\/\" \/>\n<meta property=\"og:site_name\" content=\"Teidecar\" \/>\n<meta name=\"twitter:card\" content=\"summary_large_image\" \/>\n<meta name=\"twitter:label1\" content=\"Est. reading time\" \/>\n\t<meta name=\"twitter:data1\" content=\"10 minutes\" \/>\n<script type=\"application\/ld+json\" class=\"yoast-schema-graph\">{\"@context\":\"https:\\\/\\\/schema.org\",\"@graph\":[{\"@type\":\"WebPage\",\"@id\":\"https:\\\/\\\/teidecar.com\\\/en\\\/politica-de-cookies\\\/\",\"url\":\"https:\\\/\\\/teidecar.com\\\/en\\\/politica-de-cookies\\\/\",\"name\":\"Pol\u00edtica de cookies - Teidecar\",\"isPartOf\":{\"@id\":\"https:\\\/\\\/teidecar.com\\\/#website\"},\"datePublished\":\"2021-05-05T08:56:18+00:00\",\"breadcrumb\":{\"@id\":\"https:\\\/\\\/teidecar.com\\\/en\\\/politica-de-cookies\\\/#breadcrumb\"},\"inLanguage\":\"en-US\",\"potentialAction\":[{\"@type\":\"ReadAction\",\"target\":[\"https:\\\/\\\/teidecar.com\\\/en\\\/politica-de-cookies\\\/\"]}]},{\"@type\":\"BreadcrumbList\",\"@id\":\"https:\\\/\\\/teidecar.com\\\/en\\\/politica-de-cookies\\\/#breadcrumb\",\"itemListElement\":[{\"@type\":\"ListItem\",\"position\":1,\"name\":\"Portada\",\"item\":\"https:\\\/\\\/teidecar.com\\\/en\\\/\"},{\"@type\":\"ListItem\",\"position\":2,\"name\":\"Pol\u00edtica de cookies\"}]},{\"@type\":\"WebSite\",\"@id\":\"https:\\\/\\\/teidecar.com\\\/#website\",\"url\":\"https:\\\/\\\/teidecar.com\\\/\",\"name\":\"Teidecar\",\"description\":\"Alquiler de coches Tenerife\",\"potentialAction\":[{\"@type\":\"SearchAction\",\"target\":{\"@type\":\"EntryPoint\",\"urlTemplate\":\"https:\\\/\\\/teidecar.com\\\/?s={search_term_string}\"},\"query-input\":{\"@type\":\"PropertyValueSpecification\",\"valueRequired\":true,\"valueName\":\"search_term_string\"}}],\"inLanguage\":\"en-US\"}]}<\/script>\n<!-- \/ Yoast SEO plugin. -->","yoast_head_json":{"title":"Pol\u00edtica de cookies - Teidecar","robots":{"index":"index","follow":"follow","max-snippet":"max-snippet:-1","max-image-preview":"max-image-preview:large","max-video-preview":"max-video-preview:-1"},"canonical":"https:\/\/teidecar.com\/en\/politica-de-cookies\/","og_locale":"en_US","og_type":"article","og_title":"Pol\u00edtica de cookies - Teidecar","og_description":"[vc_row row_type=&#8221;row&#8221; use_row_as_full_screen_section=&#8221;no&#8221; type=&#8221;full_width&#8221; text_align=&#8221;left&#8221; background_animation=&#8221;none&#8221; css_animation=&#8221;&#8221;][vc_column][vc_column_text]\u00bfQu\u00e9 son las cookies? Una cookie es un fichero que se descarga en su ordenador al acceder a determinadas p\u00e1ginas web. Las cookies permiten a una p\u00e1gina web, entre otras cosas, almacenar y recuperar informaci\u00f3n sobre h\u00e1bitos de navegaci\u00f3n...","og_url":"https:\/\/teidecar.com\/en\/politica-de-cookies\/","og_site_name":"Teidecar","twitter_card":"summary_large_image","twitter_misc":{"Est. reading time":"10 minutes"},"schema":{"@context":"https:\/\/schema.org","@graph":[{"@type":"WebPage","@id":"https:\/\/teidecar.com\/en\/politica-de-cookies\/","url":"https:\/\/teidecar.com\/en\/politica-de-cookies\/","name":"Pol\u00edtica de cookies - Teidecar","isPartOf":{"@id":"https:\/\/teidecar.com\/#website"},"datePublished":"2021-05-05T08:56:18+00:00","breadcrumb":{"@id":"https:\/\/teidecar.com\/en\/politica-de-cookies\/#breadcrumb"},"inLanguage":"en-US","potentialAction":[{"@type":"ReadAction","target":["https:\/\/teidecar.com\/en\/politica-de-cookies\/"]}]},{"@type":"BreadcrumbList","@id":"https:\/\/teidecar.com\/en\/politica-de-cookies\/#breadcrumb","itemListElement":[{"@type":"ListItem","position":1,"name":"Portada","item":"https:\/\/teidecar.com\/en\/"},{"@type":"ListItem","position":2,"name":"Pol\u00edtica de cookies"}]},{"@type":"WebSite","@id":"https:\/\/teidecar.com\/#website","url":"https:\/\/teidecar.com\/","name":"Teidecar","description":"Alquiler de coches Tenerife","potentialAction":[{"@type":"SearchAction","target":{"@type":"EntryPoint","urlTemplate":"https:\/\/teidecar.com\/?s={search_term_string}"},"query-input":{"@type":"PropertyValueSpecification","valueRequired":true,"valueName":"search_term_string"}}],"inLanguage":"en-US"}]}},"_links":{"self":[{"href":"https:\/\/teidecar.com\/en\/wp-json\/wp\/v2\/pages\/1221","targetHints":{"allow":["GET"]}}],"collection":[{"href":"https:\/\/teidecar.com\/en\/wp-json\/wp\/v2\/pages"}],"about":[{"href":"https:\/\/teidecar.com\/en\/wp-json\/wp\/v2\/types\/page"}],"author":[{"embeddable":true,"href":"https:\/\/teidecar.com\/en\/wp-json\/wp\/v2\/users\/1"}],"replies":[{"embeddable":true,"href":"https:\/\/teidecar.com\/en\/wp-json\/wp\/v2\/comments?post=1221"}],"version-history":[{"count":0,"href":"https:\/\/teidecar.com\/en\/wp-json\/wp\/v2\/pages\/1221\/revisions"}],"wp:attachment":[{"href":"https:\/\/teidecar.com\/en\/wp-json\/wp\/v2\/media?parent=1221"}],"curies":[{"name":"wp","href":"https:\/\/api.w.org\/{rel}","templated":true}]}}